{"id":16142,"date":"2018-05-08T14:59:23","date_gmt":"2018-05-08T12:59:23","guid":{"rendered":"http:\/\/lesamisdelambour.org\/?page_id=16142"},"modified":"2018-12-06T12:34:53","modified_gmt":"2018-12-06T11:34:53","slug":"eglise","status":"publish","type":"page","link":"https:\/\/lesamisdelambour.org\/index.php\/eglise\/","title":{"rendered":"L&rsquo;\u00e9glise"},"content":{"rendered":"<p>[vc_row css_animation=\u00a0\u00bb\u00a0\u00bb row_type=\u00a0\u00bbrow\u00a0\u00bb use_row_as_full_screen_section=\u00a0\u00bbno\u00a0\u00bb type=\u00a0\u00bbfull_width\u00a0\u00bb angled_section=\u00a0\u00bbno\u00a0\u00bb text_align=\u00a0\u00bbleft\u00a0\u00bb background_image_as_pattern=\u00a0\u00bbwithout_pattern\u00a0\u00bb z_index=\u00a0\u00bb\u00a0\u00bb][vc_column][vc_separator type=\u00a0\u00bbtransparent\u00a0\u00bb up=\u00a0\u00bb50&Prime;][vc_column_text]<\/p>\n<h1 style=\"text-align: center;\">L&rsquo;\u00c9GLISE<\/h1>\n<p>[\/vc_column_text][\/vc_column][\/vc_row][vc_row css_animation=\u00a0\u00bb\u00a0\u00bb row_type=\u00a0\u00bbrow\u00a0\u00bb use_row_as_full_screen_section=\u00a0\u00bbno\u00a0\u00bb type=\u00a0\u00bbfull_width\u00a0\u00bb angled_section=\u00a0\u00bbno\u00a0\u00bb text_align=\u00a0\u00bbleft\u00a0\u00bb background_image_as_pattern=\u00a0\u00bbwithout_pattern\u00a0\u00bb][vc_column][vc_separator type=\u00a0\u00bbtransparent\u00a0\u00bb down=\u00a0\u00bb50&Prime;][\/vc_column][\/vc_row][vc_row css_animation=\u00a0\u00bb\u00a0\u00bb row_type=\u00a0\u00bbrow\u00a0\u00bb use_row_as_full_screen_section=\u00a0\u00bbno\u00a0\u00bb type=\u00a0\u00bbgrid\u00a0\u00bb angled_section=\u00a0\u00bbno\u00a0\u00bb text_align=\u00a0\u00bbleft\u00a0\u00bb background_image_as_pattern=\u00a0\u00bbwithout_pattern\u00a0\u00bb z_index=\u00a0\u00bb\u00a0\u00bb][vc_column width=\u00a0\u00bb1\/2&Prime;][vc_single_image image=\u00a0\u00bb16014&Prime; img_size=\u00a0\u00bblarge\u00a0\u00bb add_caption=\u00a0\u00bbyes\u00a0\u00bb alignment=\u00a0\u00bbcenter\u00a0\u00bb qode_css_animation=\u00a0\u00bbelement_from_left\u00a0\u00bb][vc_separator type=\u00a0\u00bbtransparent\u00a0\u00bb up=\u00a0\u00bb50&Prime;][\/vc_column][vc_column width=\u00a0\u00bb1\/2&Prime;][vc_separator type=\u00a0\u00bbtransparent\u00a0\u00bb up=\u00a0\u00bb10&Prime;][vc_column_text]<\/p>\n<h3>Son histoire<\/h3>\n<p>\u2014<\/p>\n<p>Saint Jacques de Lambour, ancienne \u00e9glise tr\u00e9viale, d\u00e9pendait de Combrit avant la R\u00e9volution. Elle \u00e9tait \u00e0 l&rsquo;\u00e9poque d\u00e9di\u00e9e \u00e0 la vierge. Elle a \u00e9t\u00e9 reconstruite au XVI\u00e8me si\u00e8cle sur les vestiges d&rsquo;une ancienne \u00e9glise du XIII\u00e8me si\u00e8cle (1280).<\/p>\n<p>&nbsp;<\/p>\n<p>Au XVI\u00e8me si\u00e8cle un porche est ajout\u00e9 au sud de l&rsquo;\u00e9glise ainsi qu&rsquo;une nouvelle fa\u00e7ade avec une porte en arc bris\u00e9 \u00e0 plusieurs voussures. Un clocher compl\u00e8te \u00e9galement l&rsquo;ensemble.La fl\u00e8che du clocher et le haut des tourelles ont \u00e9t\u00e9 abattus en repr\u00e9saille au soul\u00e8vement des Bonnets Rouges, r\u00e9volte dite du \u00ab\u00a0papier timbr\u00e9\u00a0\u00bb.<\/p>\n<p>&nbsp;<\/p>\n<p>En 1896, l&rsquo;\u00e9glise de Lambour fut class\u00e9e <a href=\"http:\/\/www2.culture.gouv.fr\/public\/mistral\/merimee_fr?ACTION=CHERCHER&amp;FIELD_1=REF&amp;VALUE_1=PA00090296\" target=\"_blank\" rel=\"noopener\">Monument Historique<\/a>.<\/p>\n<p>&nbsp;<\/p>\n<p>En 1899, le maire de PONT L&rsquo;ABBE, Monsieur de NAJAC, face au risque que repr\u00e9sente l&rsquo;\u00e9difice, ordonne la d\u00e9molition de sa toiture. A cette occasion, la statuaire de Lambour sera transf\u00e9r\u00e9e \u00e0 l&rsquo;\u00e9glise Notre Dame des Carmes de PONT L&rsquo;ABBE, o\u00f9 elle est toujours visible. (Saint Jacques, autel des Corporations).[\/vc_column_text][\/vc_column][\/vc_row][vc_row css_animation=\u00a0\u00bb\u00a0\u00bb row_type=\u00a0\u00bbrow\u00a0\u00bb use_row_as_full_screen_section=\u00a0\u00bbno\u00a0\u00bb type=\u00a0\u00bbgrid\u00a0\u00bb angled_section=\u00a0\u00bbno\u00a0\u00bb text_align=\u00a0\u00bbleft\u00a0\u00bb background_image_as_pattern=\u00a0\u00bbwithout_pattern\u00a0\u00bb z_index=\u00a0\u00bb\u00a0\u00bb][vc_column][vc_separator type=\u00a0\u00bbtransparent\u00a0\u00bb up=\u00a0\u00bb50&Prime;]<div class='qode_image_gallery_no_space  highlight_active'><div class='qode_image_gallery_holder' style='height: 500px;'><ul  ><li  ><div style=\"height: 500px; width:791px;\"><img decoding=\"async\" itemprop=\"image\" src=\"https:\/\/lesamisdelambour.org\/wp-content\/uploads\/2018\/05\/123759540.jpg\" alt=\"Image Archive - Eglise de Lambour\" \/><\/div><\/li><li  ><div style=\"height: 500px; width:750px;\"><img decoding=\"async\" itemprop=\"image\" src=\"https:\/\/lesamisdelambour.org\/wp-content\/uploads\/2018\/05\/lambour-vieux.jpg\" alt=\"\" \/><\/div><\/li><li  ><div style=\"height: 500px; width:695px;\"><img decoding=\"async\" itemprop=\"image\" src=\"https:\/\/lesamisdelambour.org\/wp-content\/uploads\/2018\/12\/sap01_mh0195058_p.jpg\" alt=\"Eglise de Lambour\" \/><\/div><\/li><li  ><div style=\"height: 500px; width:514px;\"><img decoding=\"async\" itemprop=\"image\" src=\"https:\/\/lesamisdelambour.org\/wp-content\/uploads\/2018\/05\/75D_4952-Modifier-PARDON-Lambour-1900-LEMINOR.jpg\" alt=\"Image Archive - Pardon - LE MINOR - LAMBOUR\" \/><\/div><\/li><li  ><div style=\"height: 500px; width:673px;\"><img decoding=\"async\" itemprop=\"image\" src=\"https:\/\/lesamisdelambour.org\/wp-content\/uploads\/2018\/05\/retable-dans-les-Carmes-500px.jpg\" alt=\"\" \/><\/div><\/li><\/ul><\/div><div class=\"controls\"><a class=\"prev-slide\" href=\"#\"><span><i class=\"fa fa-angle-left\"><\/i><\/span><\/a><a class=\"next-slide\" href=\"#\"><span><i class=\"fa fa-angle-right\"><\/i><\/span><\/a><\/div><\/div>[vc_separator type=\u00a0\u00bbtransparent\u00a0\u00bb up=\u00a0\u00bb50&Prime;][vc_single_image image=\u00a0\u00bb16694&Prime; img_size=\u00a0\u00bbfull\u00a0\u00bb add_caption=\u00a0\u00bbyes\u00a0\u00bb alignment=\u00a0\u00bbcenter\u00a0\u00bb qode_css_animation=\u00a0\u00bb\u00a0\u00bb][vc_separator type=\u00a0\u00bbtransparent\u00a0\u00bb up=\u00a0\u00bb50&Prime;][\/vc_column][\/vc_row][vc_row css_animation=\u00a0\u00bb\u00a0\u00bb row_type=\u00a0\u00bbrow\u00a0\u00bb use_row_as_full_screen_section=\u00a0\u00bbno\u00a0\u00bb type=\u00a0\u00bbgrid\u00a0\u00bb angled_section=\u00a0\u00bbno\u00a0\u00bb text_align=\u00a0\u00bbleft\u00a0\u00bb background_image_as_pattern=\u00a0\u00bbwithout_pattern\u00a0\u00bb z_index=\u00a0\u00bb\u00a0\u00bb][vc_column][vc_separator type=\u00a0\u00bbnormal\u00a0\u00bb up=\u00a0\u00bb25&Prime; down=\u00a0\u00bb25&Prime;][\/vc_column][\/vc_row][vc_row css_animation=\u00a0\u00bb\u00a0\u00bb row_type=\u00a0\u00bbrow\u00a0\u00bb use_row_as_full_screen_section=\u00a0\u00bbno\u00a0\u00bb type=\u00a0\u00bbgrid\u00a0\u00bb angled_section=\u00a0\u00bbno\u00a0\u00bb text_align=\u00a0\u00bbleft\u00a0\u00bb background_image_as_pattern=\u00a0\u00bbwithout_pattern\u00a0\u00bb z_index=\u00a0\u00bb\u00a0\u00bb][vc_column width=\u00a0\u00bb1\/2&Prime;][vc_single_image image=\u00a0\u00bb16195&Prime; img_size=\u00a0\u00bblarge\u00a0\u00bb add_caption=\u00a0\u00bbyes\u00a0\u00bb alignment=\u00a0\u00bbcenter\u00a0\u00bb qode_css_animation=\u00a0\u00bbelement_from_left\u00a0\u00bb][vc_separator type=\u00a0\u00bbtransparent\u00a0\u00bb up=\u00a0\u00bb50&Prime;][\/vc_column][vc_column width=\u00a0\u00bb1\/2&Prime;][vc_separator type=\u00a0\u00bbtransparent\u00a0\u00bb up=\u00a0\u00bb50&Prime;][vc_column_text]<\/p>\n<h3>Son architecture<\/h3>\n<p>\u2014<br \/>\nL&rsquo;\u00e9glise Saint Jacques de Lambour r\u00e9v\u00e8le toute sa richesse lorsqu&rsquo;on \u00e9tablit sa parent\u00e9 avec des \u00e9difices analogues dits de l&rsquo;\u00e9cole de Pont Croix. Ces \u00e9glises se trouvent dans le Cap Sizun (Pont-Croix-K\u00e9rinec) mais \u00e9galement en Pays Bigouden (Languivoa, languidou).<\/p>\n<p>&nbsp;<\/p>\n<p>Le plan de l&rsquo;\u00e9glise de Lambour est celui d&rsquo;un long vaisseau qui comprend une nef de quatre trav\u00e9es avec bas c\u00f4t\u00e9s, un avant-choeur de deux trav\u00e9es avec bas cot\u00e9s s\u00e9par\u00e9 de la nef par un arc diaphragme entre choeur et nef et d&rsquo;un choeur d&rsquo;une trav\u00e9e avec deux grandes chapelles en aile.<\/p>\n<p>&nbsp;<\/p>\n<p>Les piliers de la nef :<em> \u00ab\u00a0les piliers fort beaux, sont du XIII\u00e8me si\u00e8cle, ils sont cannel\u00e9s avec chapiteaux orn\u00e9s de feuillages d&rsquo;o\u00f9 partent troix arcades ogivales. Leur base est faite de larges pierres rondes ou carr\u00e9es qui servaient de banc aux fid\u00e8les\u00a0\u00bb\u00a0<\/em>description en 1893 par Puig de Ritalongi.<\/p>\n<p>&nbsp;<\/p>\n<p>La maitresse baie du choeur a \u00e9t\u00e9 restaur\u00e9e en 2011.<\/p>\n<p>&nbsp;<\/p>\n<p>Aujourdhui les autres baies, perc\u00e9es et r\u00e9alis\u00e9es au XVI \u00e8me si\u00e8cle sont obstru\u00e9es enti\u00e8rement ou \u00e0 mi-hauteur.<\/p>\n<p>&nbsp;<\/p>\n<p>Projet en cours : reconstruction de la baie du transept sud.[\/vc_column_text][\/vc_column][\/vc_row][vc_row css_animation=\u00a0\u00bb\u00a0\u00bb row_type=\u00a0\u00bbrow\u00a0\u00bb use_row_as_full_screen_section=\u00a0\u00bbno\u00a0\u00bb type=\u00a0\u00bbgrid\u00a0\u00bb angled_section=\u00a0\u00bbno\u00a0\u00bb text_align=\u00a0\u00bbleft\u00a0\u00bb background_image_as_pattern=\u00a0\u00bbwithout_pattern\u00a0\u00bb z_index=\u00a0\u00bb\u00a0\u00bb][vc_column][vc_separator type=\u00a0\u00bbtransparent\u00a0\u00bb up=\u00a0\u00bb50&Prime;]<div class='qode_image_gallery_no_space  highlight_active'><div class='qode_image_gallery_holder' style='height: 500px;'><ul  ><li  ><div style=\"height: 500px; width:672px;\"><img decoding=\"async\" itemprop=\"image\" src=\"https:\/\/lesamisdelambour.org\/wp-content\/uploads\/2018\/05\/pontlabbe-eglise-lambour.jpg\" alt=\"Eglise de Lambour - plans\" \/><\/div><\/li><li  ><div style=\"height: 500px; width:500px;\"><img decoding=\"async\" itemprop=\"image\" src=\"https:\/\/lesamisdelambour.org\/wp-content\/uploads\/2018\/05\/de\u0301tail1_55x55.jpg\" alt=\"Eglise de Lambour - chapiteau\" \/><\/div><\/li><li  ><div style=\"height: 500px; width:501px;\"><img decoding=\"async\" itemprop=\"image\" src=\"https:\/\/lesamisdelambour.org\/wp-content\/uploads\/2018\/05\/de\u0301tail2_55x55.jpg\" alt=\"Eglise de Lambour - chapiteau\" \/><\/div><\/li><li  ><div style=\"height: 500px; width:500px;\"><img decoding=\"async\" itemprop=\"image\" src=\"https:\/\/lesamisdelambour.org\/wp-content\/uploads\/2018\/05\/de\u0301tail3_55x55.jpg\" alt=\"Eglise de Lambour - chapiteau\" \/><\/div><\/li><\/ul><\/div><div class=\"controls\"><a class=\"prev-slide\" href=\"#\"><span><i class=\"fa fa-angle-left\"><\/i><\/span><\/a><a class=\"next-slide\" href=\"#\"><span><i class=\"fa fa-angle-right\"><\/i><\/span><\/a><\/div><\/div>[vc_separator type=\u00a0\u00bbtransparent\u00a0\u00bb up=\u00a0\u00bb50&Prime;][\/vc_column][\/vc_row][vc_row css_animation=\u00a0\u00bb\u00a0\u00bb row_type=\u00a0\u00bbrow\u00a0\u00bb use_row_as_full_screen_section=\u00a0\u00bbno\u00a0\u00bb type=\u00a0\u00bbgrid\u00a0\u00bb angled_section=\u00a0\u00bbno\u00a0\u00bb text_align=\u00a0\u00bbleft\u00a0\u00bb background_image_as_pattern=\u00a0\u00bbwithout_pattern\u00a0\u00bb z_index=\u00a0\u00bb\u00a0\u00bb][vc_column][vc_separator type=\u00a0\u00bbnormal\u00a0\u00bb up=\u00a0\u00bb25&Prime; down=\u00a0\u00bb25&Prime;][\/vc_column][\/vc_row]<\/p>\n","protected":false},"excerpt":{"rendered":"<p>[vc_row css_animation=\u00a0\u00bb\u00a0\u00bb row_type=\u00a0\u00bbrow\u00a0\u00bb use_row_as_full_screen_section=\u00a0\u00bbno\u00a0\u00bb type=\u00a0\u00bbfull_width\u00a0\u00bb angled_section=\u00a0\u00bbno\u00a0\u00bb text_align=\u00a0\u00bbleft\u00a0\u00bb background_image_as_pattern=\u00a0\u00bbwithout_pattern\u00a0\u00bb z_index=\u00a0\u00bb\u00a0\u00bb][vc_column][vc_separator type=\u00a0\u00bbtransparent\u00a0\u00bb up=\u00a0\u00bb50&Prime;][vc_column_text] L&rsquo;\u00c9GLISE [\/vc_column_text][\/vc_column][\/vc_row][vc_row css_animation=\u00a0\u00bb\u00a0\u00bb row_type=\u00a0\u00bbrow\u00a0\u00bb use_row_as_full_screen_section=\u00a0\u00bbno\u00a0\u00bb type=\u00a0\u00bbfull_width\u00a0\u00bb angled_section=\u00a0\u00bbno\u00a0\u00bb text_align=\u00a0\u00bbleft\u00a0\u00bb background_image_as_pattern=\u00a0\u00bbwithout_pattern\u00a0\u00bb][vc_column][vc_separator type=\u00a0\u00bbtransparent\u00a0\u00bb down=\u00a0\u00bb50&Prime;][\/vc_column][\/vc_row][vc_row css_animation=\u00a0\u00bb\u00a0\u00bb row_type=\u00a0\u00bbrow\u00a0\u00bb use_row_as_full_screen_section=\u00a0\u00bbno\u00a0\u00bb type=\u00a0\u00bbgrid\u00a0\u00bb angled_section=\u00a0\u00bbno\u00a0\u00bb text_align=\u00a0\u00bbleft\u00a0\u00bb background_image_as_pattern=\u00a0\u00bbwithout_pattern\u00a0\u00bb z_index=\u00a0\u00bb\u00a0\u00bb][vc_column width=\u00a0\u00bb1\/2&Prime;][vc_single_image image=\u00a0\u00bb16014&Prime; img_size=\u00a0\u00bblarge\u00a0\u00bb add_caption=\u00a0\u00bbyes\u00a0\u00bb alignment=\u00a0\u00bbcenter\u00a0\u00bb qode_css_animation=\u00a0\u00bbelement_from_left\u00a0\u00bb][vc_separator type=\u00a0\u00bbtransparent\u00a0\u00bb up=\u00a0\u00bb50&Prime;][\/vc_column][vc_column width=\u00a0\u00bb1\/2&Prime;][vc_separator type=\u00a0\u00bbtransparent\u00a0\u00bb up=\u00a0\u00bb10&Prime;][vc_column_text] Son histoire \u2014 Saint&#8230;<\/p>\n","protected":false},"author":1,"featured_media":0,"parent":0,"menu_order":0,"comment_status":"closed","ping_status":"closed","template":"full_width.php","meta":{"footnotes":""},"class_list":["post-16142","page","type-page","status-publish","hentry"],"yoast_head":"<!-- This site is optimized with the Yoast SEO plugin v24.0 - https:\/\/yoast.com\/wordpress\/plugins\/seo\/ -->\n<title>L&#039;\u00e9glise - Les Amis de Lambour<\/title>\n<meta name=\"robots\" content=\"index, follow, max-snippet:-1, max-image-preview:large, max-video-preview:-1\" \/>\n<link rel=\"canonical\" href=\"https:\/\/lesamisdelambour.org\/index.php\/eglise\/\" \/>\n<meta property=\"og:locale\" content=\"fr_FR\" \/>\n<meta property=\"og:type\" content=\"article\" \/>\n<meta property=\"og:title\" content=\"L&#039;\u00e9glise - Les Amis de Lambour\" \/>\n<meta property=\"og:description\" content=\"[vc_row css_animation=\u00a0\u00bb\u00a0\u00bb row_type=\u00a0\u00bbrow\u00a0\u00bb use_row_as_full_screen_section=\u00a0\u00bbno\u00a0\u00bb type=\u00a0\u00bbfull_width\u00a0\u00bb angled_section=\u00a0\u00bbno\u00a0\u00bb text_align=\u00a0\u00bbleft\u00a0\u00bb background_image_as_pattern=\u00a0\u00bbwithout_pattern\u00a0\u00bb z_index=\u00a0\u00bb\u00a0\u00bb][vc_column][vc_separator type=\u00a0\u00bbtransparent\u00a0\u00bb up=\u00a0\u00bb50&Prime;][vc_column_text] L&rsquo;\u00c9GLISE [\/vc_column_text][\/vc_column][\/vc_row][vc_row css_animation=\u00a0\u00bb\u00a0\u00bb row_type=\u00a0\u00bbrow\u00a0\u00bb use_row_as_full_screen_section=\u00a0\u00bbno\u00a0\u00bb type=\u00a0\u00bbfull_width\u00a0\u00bb angled_section=\u00a0\u00bbno\u00a0\u00bb text_align=\u00a0\u00bbleft\u00a0\u00bb background_image_as_pattern=\u00a0\u00bbwithout_pattern\u00a0\u00bb][vc_column][vc_separator type=\u00a0\u00bbtransparent\u00a0\u00bb down=\u00a0\u00bb50&Prime;][\/vc_column][\/vc_row][vc_row css_animation=\u00a0\u00bb\u00a0\u00bb row_type=\u00a0\u00bbrow\u00a0\u00bb use_row_as_full_screen_section=\u00a0\u00bbno\u00a0\u00bb type=\u00a0\u00bbgrid\u00a0\u00bb angled_section=\u00a0\u00bbno\u00a0\u00bb text_align=\u00a0\u00bbleft\u00a0\u00bb background_image_as_pattern=\u00a0\u00bbwithout_pattern\u00a0\u00bb z_index=\u00a0\u00bb\u00a0\u00bb][vc_column width=\u00a0\u00bb1\/2&Prime;][vc_single_image image=\u00a0\u00bb16014&Prime; img_size=\u00a0\u00bblarge\u00a0\u00bb add_caption=\u00a0\u00bbyes\u00a0\u00bb alignment=\u00a0\u00bbcenter\u00a0\u00bb qode_css_animation=\u00a0\u00bbelement_from_left\u00a0\u00bb][vc_separator type=\u00a0\u00bbtransparent\u00a0\u00bb up=\u00a0\u00bb50&Prime;][\/vc_column][vc_column width=\u00a0\u00bb1\/2&Prime;][vc_separator type=\u00a0\u00bbtransparent\u00a0\u00bb up=\u00a0\u00bb10&Prime;][vc_column_text] Son histoire \u2014 Saint...\" \/>\n<meta property=\"og:url\" content=\"https:\/\/lesamisdelambour.org\/index.php\/eglise\/\" \/>\n<meta property=\"og:site_name\" content=\"Les Amis de Lambour\" \/>\n<meta property=\"article:modified_time\" content=\"2018-12-06T11:34:53+00:00\" \/>\n<meta name=\"twitter:card\" content=\"summary_large_image\" \/>\n<meta name=\"twitter:label1\" content=\"Dur\u00e9e de lecture estim\u00e9e\" \/>\n\t<meta name=\"twitter:data1\" content=\"4 minutes\" \/>\n<script type=\"application\/ld+json\" class=\"yoast-schema-graph\">{\"@context\":\"https:\/\/schema.org\",\"@graph\":[{\"@type\":\"WebPage\",\"@id\":\"https:\/\/lesamisdelambour.org\/index.php\/eglise\/\",\"url\":\"https:\/\/lesamisdelambour.org\/index.php\/eglise\/\",\"name\":\"L'\u00e9glise - Les Amis de Lambour\",\"isPartOf\":{\"@id\":\"https:\/\/lesamisdelambour.org\/#website\"},\"datePublished\":\"2018-05-08T12:59:23+00:00\",\"dateModified\":\"2018-12-06T11:34:53+00:00\",\"breadcrumb\":{\"@id\":\"https:\/\/lesamisdelambour.org\/index.php\/eglise\/#breadcrumb\"},\"inLanguage\":\"fr-FR\",\"potentialAction\":[{\"@type\":\"ReadAction\",\"target\":[\"https:\/\/lesamisdelambour.org\/index.php\/eglise\/\"]}]},{\"@type\":\"BreadcrumbList\",\"@id\":\"https:\/\/lesamisdelambour.org\/index.php\/eglise\/#breadcrumb\",\"itemListElement\":[{\"@type\":\"ListItem\",\"position\":1,\"name\":\"Accueil\",\"item\":\"https:\/\/lesamisdelambour.org\/\"},{\"@type\":\"ListItem\",\"position\":2,\"name\":\"L&rsquo;\u00e9glise\"}]},{\"@type\":\"WebSite\",\"@id\":\"https:\/\/lesamisdelambour.org\/#website\",\"url\":\"https:\/\/lesamisdelambour.org\/\",\"name\":\"Les Amis de Lambour\",\"description\":\"association reconnue d&#039;int\u00e9r\u00eat g\u00e9n\u00e9ral de sauvegarde de l\u2019\u00e9glise Saint-Jacques de Lambour \u2013 Pont-l\u2019Abb\u00e9\",\"potentialAction\":[{\"@type\":\"SearchAction\",\"target\":{\"@type\":\"EntryPoint\",\"urlTemplate\":\"https:\/\/lesamisdelambour.org\/?s={search_term_string}\"},\"query-input\":{\"@type\":\"PropertyValueSpecification\",\"valueRequired\":true,\"valueName\":\"search_term_string\"}}],\"inLanguage\":\"fr-FR\"}]}<\/script>\n<!-- \/ Yoast SEO plugin. -->","yoast_head_json":{"title":"L'\u00e9glise - Les Amis de Lambour","robots":{"index":"index","follow":"follow","max-snippet":"max-snippet:-1","max-image-preview":"max-image-preview:large","max-video-preview":"max-video-preview:-1"},"canonical":"https:\/\/lesamisdelambour.org\/index.php\/eglise\/","og_locale":"fr_FR","og_type":"article","og_title":"L'\u00e9glise - Les Amis de Lambour","og_description":"[vc_row css_animation=\u00a0\u00bb\u00a0\u00bb row_type=\u00a0\u00bbrow\u00a0\u00bb use_row_as_full_screen_section=\u00a0\u00bbno\u00a0\u00bb type=\u00a0\u00bbfull_width\u00a0\u00bb angled_section=\u00a0\u00bbno\u00a0\u00bb text_align=\u00a0\u00bbleft\u00a0\u00bb background_image_as_pattern=\u00a0\u00bbwithout_pattern\u00a0\u00bb z_index=\u00a0\u00bb\u00a0\u00bb][vc_column][vc_separator type=\u00a0\u00bbtransparent\u00a0\u00bb up=\u00a0\u00bb50&Prime;][vc_column_text] L&rsquo;\u00c9GLISE [\/vc_column_text][\/vc_column][\/vc_row][vc_row css_animation=\u00a0\u00bb\u00a0\u00bb row_type=\u00a0\u00bbrow\u00a0\u00bb use_row_as_full_screen_section=\u00a0\u00bbno\u00a0\u00bb type=\u00a0\u00bbfull_width\u00a0\u00bb angled_section=\u00a0\u00bbno\u00a0\u00bb text_align=\u00a0\u00bbleft\u00a0\u00bb background_image_as_pattern=\u00a0\u00bbwithout_pattern\u00a0\u00bb][vc_column][vc_separator type=\u00a0\u00bbtransparent\u00a0\u00bb down=\u00a0\u00bb50&Prime;][\/vc_column][\/vc_row][vc_row css_animation=\u00a0\u00bb\u00a0\u00bb row_type=\u00a0\u00bbrow\u00a0\u00bb use_row_as_full_screen_section=\u00a0\u00bbno\u00a0\u00bb type=\u00a0\u00bbgrid\u00a0\u00bb angled_section=\u00a0\u00bbno\u00a0\u00bb text_align=\u00a0\u00bbleft\u00a0\u00bb background_image_as_pattern=\u00a0\u00bbwithout_pattern\u00a0\u00bb z_index=\u00a0\u00bb\u00a0\u00bb][vc_column width=\u00a0\u00bb1\/2&Prime;][vc_single_image image=\u00a0\u00bb16014&Prime; img_size=\u00a0\u00bblarge\u00a0\u00bb add_caption=\u00a0\u00bbyes\u00a0\u00bb alignment=\u00a0\u00bbcenter\u00a0\u00bb qode_css_animation=\u00a0\u00bbelement_from_left\u00a0\u00bb][vc_separator type=\u00a0\u00bbtransparent\u00a0\u00bb up=\u00a0\u00bb50&Prime;][\/vc_column][vc_column width=\u00a0\u00bb1\/2&Prime;][vc_separator type=\u00a0\u00bbtransparent\u00a0\u00bb up=\u00a0\u00bb10&Prime;][vc_column_text] Son histoire \u2014 Saint...","og_url":"https:\/\/lesamisdelambour.org\/index.php\/eglise\/","og_site_name":"Les Amis de Lambour","article_modified_time":"2018-12-06T11:34:53+00:00","twitter_card":"summary_large_image","twitter_misc":{"Dur\u00e9e de lecture estim\u00e9e":"4 minutes"},"schema":{"@context":"https:\/\/schema.org","@graph":[{"@type":"WebPage","@id":"https:\/\/lesamisdelambour.org\/index.php\/eglise\/","url":"https:\/\/lesamisdelambour.org\/index.php\/eglise\/","name":"L'\u00e9glise - Les Amis de Lambour","isPartOf":{"@id":"https:\/\/lesamisdelambour.org\/#website"},"datePublished":"2018-05-08T12:59:23+00:00","dateModified":"2018-12-06T11:34:53+00:00","breadcrumb":{"@id":"https:\/\/lesamisdelambour.org\/index.php\/eglise\/#breadcrumb"},"inLanguage":"fr-FR","potentialAction":[{"@type":"ReadAction","target":["https:\/\/lesamisdelambour.org\/index.php\/eglise\/"]}]},{"@type":"BreadcrumbList","@id":"https:\/\/lesamisdelambour.org\/index.php\/eglise\/#breadcrumb","itemListElement":[{"@type":"ListItem","position":1,"name":"Accueil","item":"https:\/\/lesamisdelambour.org\/"},{"@type":"ListItem","position":2,"name":"L&rsquo;\u00e9glise"}]},{"@type":"WebSite","@id":"https:\/\/lesamisdelambour.org\/#website","url":"https:\/\/lesamisdelambour.org\/","name":"Les Amis de Lambour","description":"association reconnue d&#039;int\u00e9r\u00eat g\u00e9n\u00e9ral de sauvegarde de l\u2019\u00e9glise Saint-Jacques de Lambour \u2013 Pont-l\u2019Abb\u00e9","potentialAction":[{"@type":"SearchAction","target":{"@type":"EntryPoint","urlTemplate":"https:\/\/lesamisdelambour.org\/?s={search_term_string}"},"query-input":{"@type":"PropertyValueSpecification","valueRequired":true,"valueName":"search_term_string"}}],"inLanguage":"fr-FR"}]}},"_links":{"self":[{"href":"https:\/\/lesamisdelambour.org\/index.php\/wp-json\/wp\/v2\/pages\/16142","targetHints":{"allow":["GET"]}}],"collection":[{"href":"https:\/\/lesamisdelambour.org\/index.php\/wp-json\/wp\/v2\/pages"}],"about":[{"href":"https:\/\/lesamisdelambour.org\/index.php\/wp-json\/wp\/v2\/types\/page"}],"author":[{"embeddable":true,"href":"https:\/\/lesamisdelambour.org\/index.php\/wp-json\/wp\/v2\/users\/1"}],"replies":[{"embeddable":true,"href":"https:\/\/lesamisdelambour.org\/index.php\/wp-json\/wp\/v2\/comments?post=16142"}],"version-history":[{"count":51,"href":"https:\/\/lesamisdelambour.org\/index.php\/wp-json\/wp\/v2\/pages\/16142\/revisions"}],"predecessor-version":[{"id":16703,"href":"https:\/\/lesamisdelambour.org\/index.php\/wp-json\/wp\/v2\/pages\/16142\/revisions\/16703"}],"wp:attachment":[{"href":"https:\/\/lesamisdelambour.org\/index.php\/wp-json\/wp\/v2\/media?parent=16142"}],"curies":[{"name":"wp","href":"https:\/\/api.w.org\/{rel}","templated":true}]}}